{"id":1144,"date":"2022-06-29T14:52:58","date_gmt":"2022-06-29T14:52:58","guid":{"rendered":"https:\/\/demo.creativethemes.com\/elementor\/floreo\/?page_id=3"},"modified":"2025-09-07T23:55:26","modified_gmt":"2025-09-07T21:55:26","slug":"politica-cookies","status":"publish","type":"page","link":"https:\/\/cancercos-paintball.com\/ca\/politica-cookies\/","title":{"rendered":"P\u00f3litica de cookies"},"content":{"rendered":"<div data-elementor-type=\"wp-page\" data-elementor-id=\"1144\" class=\"elementor elementor-1144\" data-elementor-post-type=\"page\">\n\t\t\t\t<div class=\"elementor-element elementor-element-2be98623 e-flex e-con-boxed e-con e-parent\" data-id=\"2be98623\" data-element_type=\"container\">\n\t\t\t\t\t<div class=\"e-con-inner\">\n\t\t\t\t<div class=\"elementor-element elementor-element-fb2fa5e elementor-widget elementor-widget-heading\" data-id=\"fb2fa5e\" data-element_type=\"widget\" data-widget_type=\"heading.default\">\n\t\t\t\t<div class=\"elementor-widget-container\">\n\t\t\t\t\t<h2 class=\"elementor-heading-title elementor-size-default\">Pol\u00edtica de Privadesa i Cookies de Can Cerc\u00f3s<\/h2>\t\t\t\t<\/div>\n\t\t\t\t<\/div>\n\t\t\t\t<div class=\"elementor-element elementor-element-285ab6f6 elementor-widget elementor-widget-text-editor\" data-id=\"285ab6f6\" data-element_type=\"widget\" data-widget_type=\"text-editor.default\">\n\t\t\t\t<div class=\"elementor-widget-container\">\n\t\t\t\t\t\t\t\t\t\n<p>\u00a0<\/p>\n\n<ol>\n<li><strong> Informaci\u00f3 General:<br \/><\/strong><span style=\"font-weight: 400;\">Can Cerc\u00f3s est\u00e0 comprom\u00e8s amb la protecci\u00f3 de la privadesa dels seus usuaris. Aquesta pol\u00edtica explica com recopilem, utilitzem i protegim la informaci\u00f3 que recopilem.<br \/><br \/><\/span><\/li>\n<\/ol>\n<ol start=\"2\">\n<li><strong> Informaci\u00f3 que Recopilem:<\/strong><\/li>\n<\/ol>\n<ul>\n<li style=\"font-weight: 400;\" aria-level=\"1\"><span style=\"font-weight: 400;\">Dades Personals:<\/span>\n<ul>\n<li style=\"font-weight: 400;\" aria-level=\"2\"><span style=\"font-weight: 400;\">Nom, adre\u00e7a, adre\u00e7a de correu electr\u00f2nic, n\u00famero de tel\u00e8fon, etc., quan es proporciona volunt\u00e0riament.<\/span><\/li>\n<\/ul>\n<\/li>\n<li style=\"font-weight: 400;\" aria-level=\"1\"><span style=\"font-weight: 400;\">Informaci\u00f3 demogr\u00e0fica, com ara edat, g\u00e8nere i prefer\u00e8ncies, quan es proporciona volunt\u00e0riament.<\/span><\/li>\n<li style=\"font-weight: 400;\" aria-level=\"1\"><span style=\"font-weight: 400;\">Dades d'\u00das:<\/span>\n<ul>\n<li style=\"font-weight: 400;\" aria-level=\"2\"><span style=\"font-weight: 400;\">Informaci\u00f3 sobre com interactues amb el nostre lloc web, com p\u00e0gines visitades, durada de la visita, etc.<br \/><br \/><\/span><\/li>\n<\/ul>\n<\/li>\n<\/ul>\n<ol start=\"3\">\n<li><strong> \u00das de la Informaci\u00f3:<\/strong><\/li>\n<\/ol>\n<ul>\n<li style=\"font-weight: 400;\" aria-level=\"1\"><span style=\"font-weight: 400;\">Utilitzem la informaci\u00f3 recopilada per personalitzar l'experi\u00e8ncia de l'usuari, processar reserves, millorar el nostre lloc web i enviar informaci\u00f3 rellevant sobre esdeveniments i promocions.<br \/><br \/><\/span><\/li>\n<\/ul>\n<ol start=\"4\">\n<li><strong> Cookies:<\/strong><\/li>\n<\/ol>\n<ul>\n<li style=\"font-weight: 400;\" aria-level=\"1\"><span style=\"font-weight: 400;\">Utilitzem cookies i tecnologies similars per millorar l'experi\u00e8ncia de l'usuari i recopilar dades anal\u00edtiques. En utilitzar el nostre lloc, acceptes l'\u00fas de cookies d'acord amb aquesta pol\u00edtica.<\/span><\/li>\n<li style=\"font-weight: 400;\" aria-level=\"1\"><span style=\"font-weight: 400;\">Tipus de Cookies:<\/span>\n<ul>\n<li style=\"font-weight: 400;\" aria-level=\"2\"><span style=\"font-weight: 400;\">Cookies de sessi\u00f3: per facilitar la navegaci\u00f3 durant la teva visita.<\/span><\/li>\n<li style=\"font-weight: 400;\" aria-level=\"2\"><span style=\"font-weight: 400;\">Cookies persistents: per recon\u00e8ixer-te quan tornes al lloc.<\/span><\/li>\n<li style=\"font-weight: 400;\" aria-level=\"2\"><span style=\"font-weight: 400;\">Cookies de tercers: utilitzades per serveis externs, com ara Google Analytics, per a an\u00e0lisis estad\u00edstic.<br \/><br \/><\/span><\/li>\n<\/ul>\n<\/li>\n<\/ul>\n<ol start=\"5\">\n<li><strong> Compartir Informaci\u00f3:<br \/><br \/><\/strong><span style=\"font-weight: 400;\">No compartim informaci\u00f3 personal amb tercers, excepte quan sigui necessari per proporcionar serveis sol\u00b7licitats o requerit per la llei.<br \/><br \/><\/span><\/li>\n<\/ol>\n<ol start=\"6\">\n<li><strong> Seguretat:<br \/><br \/><\/strong><span style=\"font-weight: 400;\">Implementem mesures de seguretat per protegir la informaci\u00f3 personal contra accessos no autoritzats, p\u00e8rdues o alteracions.<br \/><br \/><\/span><\/li>\n<\/ol>\n<ol start=\"7\">\n<li><strong> Enlla\u00e7os a Tercers:<br \/><br \/><\/strong><span style=\"font-weight: 400;\">El nostre lloc web pot contenir enlla\u00e7os a llocs de tercers. Aquesta pol\u00edtica no s'aplica a les pr\u00e0ctiques de privadesa d'aquests llocs.<br \/><br \/><\/span><\/li>\n<\/ol>\n<ol start=\"8\">\n<li><strong> Canvis a la Pol\u00edtica:<br \/><br \/><\/strong><span style=\"font-weight: 400;\">Ens reservem el dret d'actualitzar aquesta pol\u00edtica en qualsevol moment. Es notificaran canvis significatius a trav\u00e9s del nostre lloc web.<br \/><br \/><\/span><\/li>\n<\/ol>\n<ol start=\"9\">\n<li><strong> Consentiment:<br \/><br \/><\/strong><span style=\"font-weight: 400;\">En utilitzar el nostre lloc web, acceptes els termes d'aquesta pol\u00edtica.<br \/><br \/><\/span><\/li>\n<\/ol>\n<ol start=\"10\">\n<li><strong> Preguntes i Contacte:<br \/><br \/><\/strong><span style=\"font-weight: 400;\">Si tens preguntes sobre aquesta pol\u00edtica, si us plau,<\/span><a href=\"https:\/\/chat.openai.com\/c\/5540d993-d425-4ba8-b4da-479b3d0fc6c7#\"> <span style=\"font-weight: 400;\">contacta amb nosaltres<\/span><\/a><span style=\"font-weight: 400;\"> al +34 677 33 28 02 o escriu-nos a <\/span><a href=\"mailto:ranchcercos@hotmail.com\"><span style=\"font-weight: 400;\">ranchcercos@hotmail.com<\/span><\/a><\/li>\n<\/ol>\n\n<p>\u00a0<\/p>\n\t\t\t\t\t\t\t\t<\/div>\n\t\t\t\t<\/div>\n\t\t\t\t\t<\/div>\n\t\t\t\t<\/div>\n\t\t\t\t<\/div>","protected":false},"excerpt":{"rendered":"<p>Pol\u00edtica de Privacidad y Cookies de Can Cerc\u00f3s \u00a0 Informaci\u00f3n General:Can Cerc\u00f3s est\u00e1 comprometido con la protecci\u00f3n de la privacidad de sus usuarios. Esta pol\u00edtica explica c\u00f3mo recopilamos, utilizamos y protegemos la informaci\u00f3n que recopilamos. Informaci\u00f3n que Recopilamos: Datos Personales: Nombre, direcci\u00f3n, direcci\u00f3n de correo electr\u00f3nico, n\u00famero de tel\u00e9fono, etc., cuando se proporciona voluntariamente. Informaci\u00f3n [&hellip;]<\/p>","protected":false},"author":1,"featured_media":3087,"parent":0,"menu_order":0,"comment_status":"closed","ping_status":"closed","template":"","meta":{"footnotes":""},"class_list":["post-1144","page","type-page","status-publish","has-post-thumbnail","hentry"],"blocksy_meta":[],"yoast_head":"<!-- This site is optimized with the Yoast SEO plugin v25.8 - https:\/\/yoast.com\/wordpress\/plugins\/seo\/ -->\n<title>P\u00f3litica de cookies - Can Cercos Paintball<\/title>\n<meta name=\"robots\" content=\"index, follow, max-snippet:-1, max-image-preview:large, max-video-preview:-1\" \/>\n<link rel=\"canonical\" href=\"https:\/\/cancercos-paintball.com\/ca\/politica-cookies\/\" \/>\n<meta property=\"og:locale\" content=\"ca_ES\" \/>\n<meta property=\"og:type\" content=\"article\" \/>\n<meta property=\"og:title\" content=\"P\u00f3litica de cookies - Can Cercos Paintball\" \/>\n<meta property=\"og:description\" content=\"Pol\u00edtica de Privacidad y Cookies de Can Cerc\u00f3s \u00a0 Informaci\u00f3n General:Can Cerc\u00f3s est\u00e1 comprometido con la protecci\u00f3n de la privacidad de sus usuarios. Esta pol\u00edtica explica c\u00f3mo recopilamos, utilizamos y protegemos la informaci\u00f3n que recopilamos. Informaci\u00f3n que Recopilamos: Datos Personales: Nombre, direcci\u00f3n, direcci\u00f3n de correo electr\u00f3nico, n\u00famero de tel\u00e9fono, etc., cuando se proporciona voluntariamente. Informaci\u00f3n [&hellip;]\" \/>\n<meta property=\"og:url\" content=\"https:\/\/cancercos-paintball.com\/ca\/politica-cookies\/\" \/>\n<meta property=\"og:site_name\" content=\"Can Cercos Paintball\" \/>\n<meta property=\"article:modified_time\" content=\"2025-09-07T21:55:26+00:00\" \/>\n<meta name=\"twitter:card\" content=\"summary_large_image\" \/>\n<meta name=\"twitter:label1\" content=\"Temps estimat de lectura\" \/>\n\t<meta name=\"twitter:data1\" content=\"2 minuts\" \/>\n<script type=\"application\/ld+json\" class=\"yoast-schema-graph\">{\"@context\":\"https:\/\/schema.org\",\"@graph\":[{\"@type\":\"WebPage\",\"@id\":\"https:\/\/cancercos-paintball.com\/politica-cookies\/\",\"url\":\"https:\/\/cancercos-paintball.com\/politica-cookies\/\",\"name\":\"P\u00f3litica de cookies - Can Cercos Paintball\",\"isPartOf\":{\"@id\":\"https:\/\/cancercos-paintball.com\/#website\"},\"primaryImageOfPage\":{\"@id\":\"https:\/\/cancercos-paintball.com\/politica-cookies\/#primaryimage\"},\"image\":{\"@id\":\"https:\/\/cancercos-paintball.com\/politica-cookies\/#primaryimage\"},\"thumbnailUrl\":\"https:\/\/cancercos-paintball.com\/wp-content\/uploads\/2024\/05\/logo_can_cercos.svg\",\"datePublished\":\"2022-06-29T14:52:58+00:00\",\"dateModified\":\"2025-09-07T21:55:26+00:00\",\"breadcrumb\":{\"@id\":\"https:\/\/cancercos-paintball.com\/politica-cookies\/#breadcrumb\"},\"inLanguage\":\"ca\",\"potentialAction\":[{\"@type\":\"ReadAction\",\"target\":[\"https:\/\/cancercos-paintball.com\/politica-cookies\/\"]}]},{\"@type\":\"ImageObject\",\"inLanguage\":\"ca\",\"@id\":\"https:\/\/cancercos-paintball.com\/politica-cookies\/#primaryimage\",\"url\":\"https:\/\/cancercos-paintball.com\/wp-content\/uploads\/2024\/05\/logo_can_cercos.svg\",\"contentUrl\":\"https:\/\/cancercos-paintball.com\/wp-content\/uploads\/2024\/05\/logo_can_cercos.svg\",\"width\":1080,\"height\":1080},{\"@type\":\"BreadcrumbList\",\"@id\":\"https:\/\/cancercos-paintball.com\/politica-cookies\/#breadcrumb\",\"itemListElement\":[{\"@type\":\"ListItem\",\"position\":1,\"name\":\"Home\",\"item\":\"https:\/\/cancercos-paintball.com\/\"},{\"@type\":\"ListItem\",\"position\":2,\"name\":\"P\u00f3litica de cookies\"}]},{\"@type\":\"WebSite\",\"@id\":\"https:\/\/cancercos-paintball.com\/#website\",\"url\":\"https:\/\/cancercos-paintball.com\/\",\"name\":\"Can Cercos Paintball\",\"description\":\"Centro de eventos, empresas, grupos de amigos, familias, peques y mucho m\u00e1s!\",\"publisher\":{\"@id\":\"https:\/\/cancercos-paintball.com\/#organization\"},\"potentialAction\":[{\"@type\":\"SearchAction\",\"target\":{\"@type\":\"EntryPoint\",\"urlTemplate\":\"https:\/\/cancercos-paintball.com\/?s={search_term_string}\"},\"query-input\":{\"@type\":\"PropertyValueSpecification\",\"valueRequired\":true,\"valueName\":\"search_term_string\"}}],\"inLanguage\":\"ca\"},{\"@type\":\"Organization\",\"@id\":\"https:\/\/cancercos-paintball.com\/#organization\",\"name\":\"Can Cercos Paintball\",\"url\":\"https:\/\/cancercos-paintball.com\/\",\"logo\":{\"@type\":\"ImageObject\",\"inLanguage\":\"ca\",\"@id\":\"https:\/\/cancercos-paintball.com\/#\/schema\/logo\/image\/\",\"url\":\"https:\/\/cancercos-paintball.com\/wp-content\/uploads\/2024\/05\/logo_can_cercos.svg\",\"contentUrl\":\"https:\/\/cancercos-paintball.com\/wp-content\/uploads\/2024\/05\/logo_can_cercos.svg\",\"width\":1080,\"height\":1080,\"caption\":\"Can Cercos Paintball\"},\"image\":{\"@id\":\"https:\/\/cancercos-paintball.com\/#\/schema\/logo\/image\/\"},\"sameAs\":[\"https:\/\/www.instagram.com\/paintball_cancercos\/\"]}]}<\/script>\n<!-- \/ Yoast SEO plugin. -->","yoast_head_json":{"title":"P\u00f3litica de cookies - Can Cercos Paintball","robots":{"index":"index","follow":"follow","max-snippet":"max-snippet:-1","max-image-preview":"max-image-preview:large","max-video-preview":"max-video-preview:-1"},"canonical":"https:\/\/cancercos-paintball.com\/ca\/politica-cookies\/","og_locale":"ca_ES","og_type":"article","og_title":"P\u00f3litica de cookies - Can Cercos Paintball","og_description":"Pol\u00edtica de Privacidad y Cookies de Can Cerc\u00f3s \u00a0 Informaci\u00f3n General:Can Cerc\u00f3s est\u00e1 comprometido con la protecci\u00f3n de la privacidad de sus usuarios. Esta pol\u00edtica explica c\u00f3mo recopilamos, utilizamos y protegemos la informaci\u00f3n que recopilamos. Informaci\u00f3n que Recopilamos: Datos Personales: Nombre, direcci\u00f3n, direcci\u00f3n de correo electr\u00f3nico, n\u00famero de tel\u00e9fono, etc., cuando se proporciona voluntariamente. Informaci\u00f3n [&hellip;]","og_url":"https:\/\/cancercos-paintball.com\/ca\/politica-cookies\/","og_site_name":"Can Cercos Paintball","article_modified_time":"2025-09-07T21:55:26+00:00","twitter_card":"summary_large_image","twitter_misc":{"Temps estimat de lectura":"2 minuts"},"schema":{"@context":"https:\/\/schema.org","@graph":[{"@type":"WebPage","@id":"https:\/\/cancercos-paintball.com\/politica-cookies\/","url":"https:\/\/cancercos-paintball.com\/politica-cookies\/","name":"P\u00f3litica de cookies - Can Cercos Paintball","isPartOf":{"@id":"https:\/\/cancercos-paintball.com\/#website"},"primaryImageOfPage":{"@id":"https:\/\/cancercos-paintball.com\/politica-cookies\/#primaryimage"},"image":{"@id":"https:\/\/cancercos-paintball.com\/politica-cookies\/#primaryimage"},"thumbnailUrl":"https:\/\/cancercos-paintball.com\/wp-content\/uploads\/2024\/05\/logo_can_cercos.svg","datePublished":"2022-06-29T14:52:58+00:00","dateModified":"2025-09-07T21:55:26+00:00","breadcrumb":{"@id":"https:\/\/cancercos-paintball.com\/politica-cookies\/#breadcrumb"},"inLanguage":"ca","potentialAction":[{"@type":"ReadAction","target":["https:\/\/cancercos-paintball.com\/politica-cookies\/"]}]},{"@type":"ImageObject","inLanguage":"ca","@id":"https:\/\/cancercos-paintball.com\/politica-cookies\/#primaryimage","url":"https:\/\/cancercos-paintball.com\/wp-content\/uploads\/2024\/05\/logo_can_cercos.svg","contentUrl":"https:\/\/cancercos-paintball.com\/wp-content\/uploads\/2024\/05\/logo_can_cercos.svg","width":1080,"height":1080},{"@type":"BreadcrumbList","@id":"https:\/\/cancercos-paintball.com\/politica-cookies\/#breadcrumb","itemListElement":[{"@type":"ListItem","position":1,"name":"Home","item":"https:\/\/cancercos-paintball.com\/"},{"@type":"ListItem","position":2,"name":"P\u00f3litica de cookies"}]},{"@type":"WebSite","@id":"https:\/\/cancercos-paintball.com\/#website","url":"https:\/\/cancercos-paintball.com\/","name":"Can Cercos Paintball","description":"Centro de eventos, empresas, grupos de amigos, familias, peques y mucho m\u00e1s!","publisher":{"@id":"https:\/\/cancercos-paintball.com\/#organization"},"potentialAction":[{"@type":"SearchAction","target":{"@type":"EntryPoint","urlTemplate":"https:\/\/cancercos-paintball.com\/?s={search_term_string}"},"query-input":{"@type":"PropertyValueSpecification","valueRequired":true,"valueName":"search_term_string"}}],"inLanguage":"ca"},{"@type":"Organization","@id":"https:\/\/cancercos-paintball.com\/#organization","name":"Can Cercos Paintball","url":"https:\/\/cancercos-paintball.com\/","logo":{"@type":"ImageObject","inLanguage":"ca","@id":"https:\/\/cancercos-paintball.com\/#\/schema\/logo\/image\/","url":"https:\/\/cancercos-paintball.com\/wp-content\/uploads\/2024\/05\/logo_can_cercos.svg","contentUrl":"https:\/\/cancercos-paintball.com\/wp-content\/uploads\/2024\/05\/logo_can_cercos.svg","width":1080,"height":1080,"caption":"Can Cercos Paintball"},"image":{"@id":"https:\/\/cancercos-paintball.com\/#\/schema\/logo\/image\/"},"sameAs":["https:\/\/www.instagram.com\/paintball_cancercos\/"]}]}},"_links":{"self":[{"href":"https:\/\/cancercos-paintball.com\/ca\/wp-json\/wp\/v2\/pages\/1144","targetHints":{"allow":["GET"]}}],"collection":[{"href":"https:\/\/cancercos-paintball.com\/ca\/wp-json\/wp\/v2\/pages"}],"about":[{"href":"https:\/\/cancercos-paintball.com\/ca\/wp-json\/wp\/v2\/types\/page"}],"author":[{"embeddable":true,"href":"https:\/\/cancercos-paintball.com\/ca\/wp-json\/wp\/v2\/users\/1"}],"replies":[{"embeddable":true,"href":"https:\/\/cancercos-paintball.com\/ca\/wp-json\/wp\/v2\/comments?post=1144"}],"version-history":[{"count":1,"href":"https:\/\/cancercos-paintball.com\/ca\/wp-json\/wp\/v2\/pages\/1144\/revisions"}],"predecessor-version":[{"id":3410,"href":"https:\/\/cancercos-paintball.com\/ca\/wp-json\/wp\/v2\/pages\/1144\/revisions\/3410"}],"wp:featuredmedia":[{"embeddable":true,"href":"https:\/\/cancercos-paintball.com\/ca\/wp-json\/wp\/v2\/media\/3087"}],"wp:attachment":[{"href":"https:\/\/cancercos-paintball.com\/ca\/wp-json\/wp\/v2\/media?parent=1144"}],"curies":[{"name":"wp","href":"https:\/\/api.w.org\/{rel}","templated":true}]}}