{"id":3141,"date":"2025-01-07T16:06:39","date_gmt":"2025-01-07T15:06:39","guid":{"rendered":"https:\/\/cancercos-paintball.com\/?page_id=3141"},"modified":"2025-09-07T23:55:12","modified_gmt":"2025-09-07T21:55:12","slug":"galeria-fotos","status":"publish","type":"page","link":"https:\/\/cancercos-paintball.com\/ca\/galeria-fotos\/","title":{"rendered":"Galer\u00eda fotos"},"content":{"rendered":"<div data-elementor-type=\"wp-page\" data-elementor-id=\"3141\" class=\"elementor elementor-3141\" data-elementor-post-type=\"page\">\n\t\t\t\t<div class=\"elementor-element elementor-element-088fc8a e-con-full e-flex e-con e-parent\" data-id=\"088fc8a\" data-element_type=\"container\">\n\t\t\t\t<div class=\"elementor-element elementor-element-12bddc8 elementor-widget elementor-widget-text-editor\" data-id=\"12bddc8\" data-element_type=\"widget\" data-widget_type=\"text-editor.default\">\n\t\t\t\t<div class=\"elementor-widget-container\">\n\t\t\t\t\t\t\t\t\t<p class=\"p1\"><b>Moments Can Cerc\u00f3s<\/b><\/p>\t\t\t\t\t\t\t\t<\/div>\n\t\t\t\t<\/div>\n\t\t\t\t<div class=\"elementor-element elementor-element-288acf2 elementor-widget elementor-widget-heading\" data-id=\"288acf2\" data-element_type=\"widget\" data-widget_type=\"heading.default\">\n\t\t\t\t<div class=\"elementor-widget-container\">\n\t\t\t\t\t<h2 class=\"elementor-heading-title elementor-size-default\">Acomiadament de solters\/solteres<\/h2>\t\t\t\t<\/div>\n\t\t\t\t<\/div>\n\t\t\t\t<\/div>\n\t\t<div class=\"elementor-element elementor-element-a28558a e-con-full e-flex e-con e-parent\" data-id=\"a28558a\" data-element_type=\"container\">\n\t\t<div class=\"elementor-element elementor-element-f1f0e62 e-flex e-con-boxed e-con e-child\" data-id=\"f1f0e62\" data-element_type=\"container\" data-settings=\"{&quot;background_background&quot;:&quot;slideshow&quot;,&quot;background_slideshow_gallery&quot;:[{&quot;id&quot;:3151,&quot;url&quot;:&quot;https:\\\/\\\/cancercos-paintball.com\\\/wp-content\\\/uploads\\\/2025\\\/01\\\/1.jpg&quot;},{&quot;id&quot;:3188,&quot;url&quot;:&quot;https:\\\/\\\/cancercos-paintball.com\\\/wp-content\\\/uploads\\\/2025\\\/01\\\/4_.jpg&quot;},{&quot;id&quot;:3206,&quot;url&quot;:&quot;https:\\\/\\\/cancercos-paintball.com\\\/wp-content\\\/uploads\\\/2025\\\/01\\\/6.jpg&quot;},{&quot;id&quot;:3205,&quot;url&quot;:&quot;https:\\\/\\\/cancercos-paintball.com\\\/wp-content\\\/uploads\\\/2025\\\/01\\\/5.jpg&quot;}],&quot;background_slideshow_slide_duration&quot;:2500,&quot;background_slideshow_transition_duration&quot;:400,&quot;background_slideshow_loop&quot;:&quot;yes&quot;,&quot;background_slideshow_slide_transition&quot;:&quot;fade&quot;}\">\n\t\t\t\t\t<div class=\"e-con-inner\">\n\t\t\t\t\t<\/div>\n\t\t\t\t<\/div>\n\t\t\t\t<\/div>\n\t\t<div class=\"elementor-element elementor-element-669936c e-con-full e-flex e-con e-parent\" data-id=\"669936c\" data-element_type=\"container\">\n\t\t<div class=\"elementor-element elementor-element-27526ce e-flex e-con-boxed e-con e-child\" data-id=\"27526ce\" data-element_type=\"container\" data-settings=\"{&quot;background_background&quot;:&quot;classic&quot;}\">\n\t\t\t\t\t<div class=\"e-con-inner\">\n\t\t\t\t\t<\/div>\n\t\t\t\t<\/div>\n\t\t<div class=\"elementor-element elementor-element-878f1b8 e-flex e-con-boxed e-con e-child\" data-id=\"878f1b8\" data-element_type=\"container\" data-settings=\"{&quot;background_background&quot;:&quot;classic&quot;}\">\n\t\t\t\t\t<div class=\"e-con-inner\">\n\t\t\t\t\t<\/div>\n\t\t\t\t<\/div>\n\t\t\t\t<\/div>\n\t\t<div class=\"elementor-element elementor-element-edfaf43 e-con-full e-flex e-con e-parent\" data-id=\"edfaf43\" data-element_type=\"container\">\n\t\t<div class=\"elementor-element elementor-element-5d7aeea e-flex e-con-boxed e-con e-child\" data-id=\"5d7aeea\" data-element_type=\"container\" data-settings=\"{&quot;background_background&quot;:&quot;classic&quot;}\">\n\t\t\t\t\t<div class=\"e-con-inner\">\n\t\t\t\t\t<\/div>\n\t\t\t\t<\/div>\n\t\t<div class=\"elementor-element elementor-element-572b41c e-flex e-con-boxed e-con e-child\" data-id=\"572b41c\" data-element_type=\"container\" data-settings=\"{&quot;background_background&quot;:&quot;classic&quot;}\">\n\t\t\t\t\t<div class=\"e-con-inner\">\n\t\t\t\t\t<\/div>\n\t\t\t\t<\/div>\n\t\t\t\t<\/div>\n\t\t<div class=\"elementor-element elementor-element-c4e453f e-con-full e-flex e-con e-parent\" data-id=\"c4e453f\" data-element_type=\"container\">\n\t\t\t\t<div class=\"elementor-element elementor-element-262f4ae elementor-widget elementor-widget-heading\" data-id=\"262f4ae\" data-element_type=\"widget\" data-widget_type=\"heading.default\">\n\t\t\t\t<div class=\"elementor-widget-container\">\n\t\t\t\t\t<h2 class=\"elementor-heading-title elementor-size-default\">Escoles i clubs de joves<\/h2>\t\t\t\t<\/div>\n\t\t\t\t<\/div>\n\t\t\t\t<\/div>\n\t\t<div class=\"elementor-element elementor-element-cfa9e61 e-con-full e-flex e-con e-parent\" data-id=\"cfa9e61\" data-element_type=\"container\">\n\t\t<div class=\"elementor-element elementor-element-4aa6d86 e-flex e-con-boxed e-con e-child\" data-id=\"4aa6d86\" data-element_type=\"container\" data-settings=\"{&quot;background_background&quot;:&quot;slideshow&quot;,&quot;background_slideshow_gallery&quot;:[{&quot;id&quot;:3209,&quot;url&quot;:&quot;https:\\\/\\\/cancercos-paintball.com\\\/wp-content\\\/uploads\\\/2025\\\/01\\\/9.jpg&quot;},{&quot;id&quot;:3210,&quot;url&quot;:&quot;https:\\\/\\\/cancercos-paintball.com\\\/wp-content\\\/uploads\\\/2025\\\/01\\\/10.jpg&quot;},{&quot;id&quot;:3211,&quot;url&quot;:&quot;https:\\\/\\\/cancercos-paintball.com\\\/wp-content\\\/uploads\\\/2025\\\/01\\\/11.jpg&quot;},{&quot;id&quot;:3219,&quot;url&quot;:&quot;https:\\\/\\\/cancercos-paintball.com\\\/wp-content\\\/uploads\\\/2025\\\/01\\\/13.jpg&quot;}],&quot;background_slideshow_slide_duration&quot;:2500,&quot;background_slideshow_transition_duration&quot;:400,&quot;background_slideshow_loop&quot;:&quot;yes&quot;,&quot;background_slideshow_slide_transition&quot;:&quot;fade&quot;}\">\n\t\t\t\t\t<div class=\"e-con-inner\">\n\t\t\t\t\t<\/div>\n\t\t\t\t<\/div>\n\t\t\t\t<\/div>\n\t\t<div class=\"elementor-element elementor-element-b41d792 e-con-full e-flex e-con e-parent\" data-id=\"b41d792\" data-element_type=\"container\">\n\t\t<div class=\"elementor-element elementor-element-f22d8f4 e-flex e-con-boxed e-con e-child\" data-id=\"f22d8f4\" data-element_type=\"container\" data-settings=\"{&quot;background_background&quot;:&quot;classic&quot;}\">\n\t\t\t\t\t<div class=\"e-con-inner\">\n\t\t\t\t\t<\/div>\n\t\t\t\t<\/div>\n\t\t<div class=\"elementor-element elementor-element-0003888 e-flex e-con-boxed e-con e-child\" data-id=\"0003888\" data-element_type=\"container\" data-settings=\"{&quot;background_background&quot;:&quot;classic&quot;}\">\n\t\t\t\t\t<div class=\"e-con-inner\">\n\t\t\t\t\t<\/div>\n\t\t\t\t<\/div>\n\t\t\t\t<\/div>\n\t\t<div class=\"elementor-element elementor-element-f1cd370 e-con-full e-flex e-con e-parent\" data-id=\"f1cd370\" data-element_type=\"container\">\n\t\t<div class=\"elementor-element elementor-element-f09b046 e-flex e-con-boxed e-con e-child\" data-id=\"f09b046\" data-element_type=\"container\" data-settings=\"{&quot;background_background&quot;:&quot;classic&quot;}\">\n\t\t\t\t\t<div class=\"e-con-inner\">\n\t\t\t\t\t<\/div>\n\t\t\t\t<\/div>\n\t\t\t\t<\/div>\n\t\t<div class=\"elementor-element elementor-element-2904813 e-con-full e-flex e-con e-parent\" data-id=\"2904813\" data-element_type=\"container\">\n\t\t\t\t<div class=\"elementor-element elementor-element-7ca9dfa elementor-widget elementor-widget-heading\" data-id=\"7ca9dfa\" data-element_type=\"widget\" data-widget_type=\"heading.default\">\n\t\t\t\t<div class=\"elementor-widget-container\">\n\t\t\t\t\t<h2 class=\"elementor-heading-title elementor-size-default\">Aniversaris i compleanys per a nens i adults<\/h2>\t\t\t\t<\/div>\n\t\t\t\t<\/div>\n\t\t\t\t<\/div>\n\t\t<div class=\"elementor-element elementor-element-077c2c7 e-con-full e-flex e-con e-parent\" data-id=\"077c2c7\" data-element_type=\"container\">\n\t\t<div class=\"elementor-element elementor-element-f189a45 e-flex e-con-boxed e-con e-child\" data-id=\"f189a45\" data-element_type=\"container\" data-settings=\"{&quot;background_background&quot;:&quot;slideshow&quot;,&quot;background_slideshow_gallery&quot;:[{&quot;id&quot;:3243,&quot;url&quot;:&quot;https:\\\/\\\/cancercos-paintball.com\\\/wp-content\\\/uploads\\\/2025\\\/01\\\/19.jpg&quot;},{&quot;id&quot;:3242,&quot;url&quot;:&quot;https:\\\/\\\/cancercos-paintball.com\\\/wp-content\\\/uploads\\\/2025\\\/01\\\/16.jpg&quot;},{&quot;id&quot;:3244,&quot;url&quot;:&quot;https:\\\/\\\/cancercos-paintball.com\\\/wp-content\\\/uploads\\\/2025\\\/01\\\/20.jpg&quot;}],&quot;background_slideshow_slide_duration&quot;:2500,&quot;background_slideshow_transition_duration&quot;:400,&quot;background_slideshow_loop&quot;:&quot;yes&quot;,&quot;background_slideshow_slide_transition&quot;:&quot;fade&quot;}\">\n\t\t\t\t\t<div class=\"e-con-inner\">\n\t\t\t\t\t<\/div>\n\t\t\t\t<\/div>\n\t\t\t\t<\/div>\n\t\t<div class=\"elementor-element elementor-element-9d67d01 e-con-full e-flex e-con e-parent\" data-id=\"9d67d01\" data-element_type=\"container\">\n\t\t<div class=\"elementor-element elementor-element-f6f64ad e-flex e-con-boxed e-con e-child\" data-id=\"f6f64ad\" data-element_type=\"container\" data-settings=\"{&quot;background_background&quot;:&quot;classic&quot;}\">\n\t\t\t\t\t<div class=\"e-con-inner\">\n\t\t\t\t\t<\/div>\n\t\t\t\t<\/div>\n\t\t<div class=\"elementor-element elementor-element-35d71ab e-flex e-con-boxed e-con e-child\" data-id=\"35d71ab\" data-element_type=\"container\" data-settings=\"{&quot;background_background&quot;:&quot;classic&quot;}\">\n\t\t\t\t\t<div class=\"e-con-inner\">\n\t\t\t\t\t<\/div>\n\t\t\t\t<\/div>\n\t\t\t\t<\/div>\n\t\t<div class=\"elementor-element elementor-element-fccfc1c e-con-full e-flex e-con e-parent\" data-id=\"fccfc1c\" data-element_type=\"container\">\n\t\t\t\t<div class=\"elementor-element elementor-element-cada015 elementor-widget elementor-widget-heading\" data-id=\"cada015\" data-element_type=\"widget\" data-widget_type=\"heading.default\">\n\t\t\t\t<div class=\"elementor-widget-container\">\n\t\t\t\t\t<h2 class=\"elementor-heading-title elementor-size-default\">Monitors de l\u2019equip Can Cerc\u00f3s<\/h2>\t\t\t\t<\/div>\n\t\t\t\t<\/div>\n\t\t\t\t<\/div>\n\t\t<div class=\"elementor-element elementor-element-8c9c3f9 e-con-full e-flex e-con e-parent\" data-id=\"8c9c3f9\" data-element_type=\"container\">\n\t\t<div class=\"elementor-element elementor-element-d58e2b9 e-flex e-con-boxed e-con e-child\" data-id=\"d58e2b9\" data-element_type=\"container\" data-settings=\"{&quot;background_background&quot;:&quot;classic&quot;}\">\n\t\t\t\t\t<div class=\"e-con-inner\">\n\t\t\t\t\t<\/div>\n\t\t\t\t<\/div>\n\t\t\t\t<\/div>\n\t\t<div class=\"elementor-element elementor-element-a3ee00f e-con-full e-flex e-con e-parent\" data-id=\"a3ee00f\" data-element_type=\"container\">\n\t\t<div class=\"elementor-element elementor-element-a079cb0 e-con-full e-flex e-con e-child\" data-id=\"a079cb0\" data-element_type=\"container\" data-settings=\"{&quot;background_background&quot;:&quot;classic&quot;}\">\n\t\t\t\t<\/div>\n\t\t<div class=\"elementor-element elementor-element-ba721fa e-con-full e-flex e-con e-child\" data-id=\"ba721fa\" data-element_type=\"container\" data-settings=\"{&quot;background_background&quot;:&quot;classic&quot;}\">\n\t\t\t\t<div class=\"elementor-element elementor-element-8bd33b2 elementor-widget elementor-widget-heading\" data-id=\"8bd33b2\" data-element_type=\"widget\" data-widget_type=\"heading.default\">\n\t\t\t\t<div class=\"elementor-widget-container\">\n\t\t\t\t\t<h2 class=\"elementor-heading-title elementor-size-default\">\u00a1El teu camp de batalla de paintball t'espera!<\/h2>\t\t\t\t<\/div>\n\t\t\t\t<\/div>\n\t\t<div class=\"elementor-element elementor-element-bf49ae4 e-con-full e-flex e-con e-child\" data-id=\"bf49ae4\" data-element_type=\"container\">\n\t\t\t\t<div class=\"elementor-element elementor-element-888962e elementor-mobile-align-center elementor-widget elementor-widget-button\" data-id=\"888962e\" data-element_type=\"widget\" data-widget_type=\"button.default\">\n\t\t\t\t<div class=\"elementor-widget-container\">\n\t\t\t\t\t\t\t\t\t<div class=\"elementor-button-wrapper\">\n\t\t\t\t\t<a class=\"elementor-button elementor-button-link elementor-size-lg\" href=\"https:\/\/cancercos-paintball.com\/ca\/contacto\/\">\n\t\t\t\t\t\t<span class=\"elementor-button-content-wrapper\">\n\t\t\t\t\t\t<span class=\"elementor-button-icon\">\n\t\t\t\t<svg aria-hidden=\"true\" class=\"e-font-icon-svg e-fas-arrow-right\" viewbox=\"0 0 448 512\" xmlns=\"http:\/\/www.w3.org\/2000\/svg\"><path d=\"M190.5 66.9l22.2-22.2c9.4-9.4 24.6-9.4 33.9 0L441 239c9.4 9.4 9.4 24.6 0 33.9L246.6 467.3c-9.4 9.4-24.6 9.4-33.9 0l-22.2-22.2c-9.5-9.5-9.3-25 .4-34.3L311.4 296H24c-13.3 0-24-10.7-24-24v-32c0-13.3 10.7-24 24-24h287.4L190.9 101.2c-9.8-9.3-10-24.8-.4-34.3z\"><\/path><\/svg>\t\t\t<\/span>\n\t\t\t\t\t\t\t\t\t<span class=\"elementor-button-text\">Reserva ara<\/span>\n\t\t\t\t\t<\/span>\n\t\t\t\t\t<\/a>\n\t\t\t\t<\/div>\n\t\t\t\t\t\t\t\t<\/div>\n\t\t\t\t<\/div>\n\t\t\t\t<div class=\"elementor-element elementor-element-5e20c6d elementor-mobile-align-center elementor-widget elementor-widget-button\" data-id=\"5e20c6d\" data-element_type=\"widget\" data-widget_type=\"button.default\">\n\t\t\t\t<div class=\"elementor-widget-container\">\n\t\t\t\t\t\t\t\t\t<div class=\"elementor-button-wrapper\">\n\t\t\t\t\t<a class=\"elementor-button elementor-button-link elementor-size-lg\" href=\"https:\/\/cancercos-paintball.com\/ca\/tarifas\/\">\n\t\t\t\t\t\t<span class=\"elementor-button-content-wrapper\">\n\t\t\t\t\t\t\t\t\t<span class=\"elementor-button-text\">Veure tarifes<\/span>\n\t\t\t\t\t<\/span>\n\t\t\t\t\t<\/a>\n\t\t\t\t<\/div>\n\t\t\t\t\t\t\t\t<\/div>\n\t\t\t\t<\/div>\n\t\t\t\t<\/div>\n\t\t\t\t<\/div>\n\t\t\t\t<\/div>\n\t\t\t\t<\/div>","protected":false},"excerpt":{"rendered":"<p>Momentos Can Cerc\u00f3s Despedida de soltero\/a Escuelas y club de j\u00f3venes Aniversarios y cumplea\u00f1os para ni\u00f1os y adultos Monitores del equipo Can Cerc\u00f3s \u00a1Tu campo de batalla paintball te espera! Reservar ahora Ver tarifas<\/p>","protected":false},"author":1,"featured_media":3087,"parent":0,"menu_order":0,"comment_status":"closed","ping_status":"closed","template":"elementor_header_footer","meta":{"footnotes":""},"class_list":["post-3141","page","type-page","status-publish","has-post-thumbnail","hentry"],"blocksy_meta":[],"yoast_head":"<!-- This site is optimized with the Yoast SEO plugin v25.8 - https:\/\/yoast.com\/wordpress\/plugins\/seo\/ -->\n<title>Galer\u00eda fotos - Can Cercos Paintball<\/title>\n<meta name=\"robots\" content=\"index, follow, max-snippet:-1, max-image-preview:large, max-video-preview:-1\" \/>\n<link rel=\"canonical\" href=\"https:\/\/cancercos-paintball.com\/ca\/galeria-fotos\/\" \/>\n<meta property=\"og:locale\" content=\"ca_ES\" \/>\n<meta property=\"og:type\" content=\"article\" \/>\n<meta property=\"og:title\" content=\"Galer\u00eda fotos - Can Cercos Paintball\" \/>\n<meta property=\"og:description\" content=\"Momentos Can Cerc\u00f3s Despedida de soltero\/a Escuelas y club de j\u00f3venes Aniversarios y cumplea\u00f1os para ni\u00f1os y adultos Monitores del equipo Can Cerc\u00f3s \u00a1Tu campo de batalla paintball te espera! Reservar ahora Ver tarifas\" \/>\n<meta property=\"og:url\" content=\"https:\/\/cancercos-paintball.com\/ca\/galeria-fotos\/\" \/>\n<meta property=\"og:site_name\" content=\"Can Cercos Paintball\" \/>\n<meta property=\"article:modified_time\" content=\"2025-09-07T21:55:12+00:00\" \/>\n<meta name=\"twitter:card\" content=\"summary_large_image\" \/>\n<meta name=\"twitter:label1\" content=\"Temps estimat de lectura\" \/>\n\t<meta name=\"twitter:data1\" content=\"1 minut\" \/>\n<script type=\"application\/ld+json\" class=\"yoast-schema-graph\">{\"@context\":\"https:\/\/schema.org\",\"@graph\":[{\"@type\":\"WebPage\",\"@id\":\"https:\/\/cancercos-paintball.com\/galeria-fotos\/\",\"url\":\"https:\/\/cancercos-paintball.com\/galeria-fotos\/\",\"name\":\"Galer\u00eda fotos - Can Cercos Paintball\",\"isPartOf\":{\"@id\":\"https:\/\/cancercos-paintball.com\/#website\"},\"primaryImageOfPage\":{\"@id\":\"https:\/\/cancercos-paintball.com\/galeria-fotos\/#primaryimage\"},\"image\":{\"@id\":\"https:\/\/cancercos-paintball.com\/galeria-fotos\/#primaryimage\"},\"thumbnailUrl\":\"https:\/\/cancercos-paintball.com\/wp-content\/uploads\/2024\/05\/logo_can_cercos.svg\",\"datePublished\":\"2025-01-07T15:06:39+00:00\",\"dateModified\":\"2025-09-07T21:55:12+00:00\",\"breadcrumb\":{\"@id\":\"https:\/\/cancercos-paintball.com\/galeria-fotos\/#breadcrumb\"},\"inLanguage\":\"ca\",\"potentialAction\":[{\"@type\":\"ReadAction\",\"target\":[\"https:\/\/cancercos-paintball.com\/galeria-fotos\/\"]}]},{\"@type\":\"ImageObject\",\"inLanguage\":\"ca\",\"@id\":\"https:\/\/cancercos-paintball.com\/galeria-fotos\/#primaryimage\",\"url\":\"https:\/\/cancercos-paintball.com\/wp-content\/uploads\/2024\/05\/logo_can_cercos.svg\",\"contentUrl\":\"https:\/\/cancercos-paintball.com\/wp-content\/uploads\/2024\/05\/logo_can_cercos.svg\",\"width\":1080,\"height\":1080},{\"@type\":\"BreadcrumbList\",\"@id\":\"https:\/\/cancercos-paintball.com\/galeria-fotos\/#breadcrumb\",\"itemListElement\":[{\"@type\":\"ListItem\",\"position\":1,\"name\":\"Home\",\"item\":\"https:\/\/cancercos-paintball.com\/\"},{\"@type\":\"ListItem\",\"position\":2,\"name\":\"Galer\u00eda fotos\"}]},{\"@type\":\"WebSite\",\"@id\":\"https:\/\/cancercos-paintball.com\/#website\",\"url\":\"https:\/\/cancercos-paintball.com\/\",\"name\":\"Can Cercos Paintball\",\"description\":\"Centro de eventos, empresas, grupos de amigos, familias, peques y mucho m\u00e1s!\",\"publisher\":{\"@id\":\"https:\/\/cancercos-paintball.com\/#organization\"},\"potentialAction\":[{\"@type\":\"SearchAction\",\"target\":{\"@type\":\"EntryPoint\",\"urlTemplate\":\"https:\/\/cancercos-paintball.com\/?s={search_term_string}\"},\"query-input\":{\"@type\":\"PropertyValueSpecification\",\"valueRequired\":true,\"valueName\":\"search_term_string\"}}],\"inLanguage\":\"ca\"},{\"@type\":\"Organization\",\"@id\":\"https:\/\/cancercos-paintball.com\/#organization\",\"name\":\"Can Cercos Paintball\",\"url\":\"https:\/\/cancercos-paintball.com\/\",\"logo\":{\"@type\":\"ImageObject\",\"inLanguage\":\"ca\",\"@id\":\"https:\/\/cancercos-paintball.com\/#\/schema\/logo\/image\/\",\"url\":\"https:\/\/cancercos-paintball.com\/wp-content\/uploads\/2024\/05\/logo_can_cercos.svg\",\"contentUrl\":\"https:\/\/cancercos-paintball.com\/wp-content\/uploads\/2024\/05\/logo_can_cercos.svg\",\"width\":1080,\"height\":1080,\"caption\":\"Can Cercos Paintball\"},\"image\":{\"@id\":\"https:\/\/cancercos-paintball.com\/#\/schema\/logo\/image\/\"},\"sameAs\":[\"https:\/\/www.instagram.com\/paintball_cancercos\/\"]}]}<\/script>\n<!-- \/ Yoast SEO plugin. -->","yoast_head_json":{"title":"Galer\u00eda fotos - Can Cercos Paintball","robots":{"index":"index","follow":"follow","max-snippet":"max-snippet:-1","max-image-preview":"max-image-preview:large","max-video-preview":"max-video-preview:-1"},"canonical":"https:\/\/cancercos-paintball.com\/ca\/galeria-fotos\/","og_locale":"ca_ES","og_type":"article","og_title":"Galer\u00eda fotos - Can Cercos Paintball","og_description":"Momentos Can Cerc\u00f3s Despedida de soltero\/a Escuelas y club de j\u00f3venes Aniversarios y cumplea\u00f1os para ni\u00f1os y adultos Monitores del equipo Can Cerc\u00f3s \u00a1Tu campo de batalla paintball te espera! Reservar ahora Ver tarifas","og_url":"https:\/\/cancercos-paintball.com\/ca\/galeria-fotos\/","og_site_name":"Can Cercos Paintball","article_modified_time":"2025-09-07T21:55:12+00:00","twitter_card":"summary_large_image","twitter_misc":{"Temps estimat de lectura":"1 minut"},"schema":{"@context":"https:\/\/schema.org","@graph":[{"@type":"WebPage","@id":"https:\/\/cancercos-paintball.com\/galeria-fotos\/","url":"https:\/\/cancercos-paintball.com\/galeria-fotos\/","name":"Galer\u00eda fotos - Can Cercos Paintball","isPartOf":{"@id":"https:\/\/cancercos-paintball.com\/#website"},"primaryImageOfPage":{"@id":"https:\/\/cancercos-paintball.com\/galeria-fotos\/#primaryimage"},"image":{"@id":"https:\/\/cancercos-paintball.com\/galeria-fotos\/#primaryimage"},"thumbnailUrl":"https:\/\/cancercos-paintball.com\/wp-content\/uploads\/2024\/05\/logo_can_cercos.svg","datePublished":"2025-01-07T15:06:39+00:00","dateModified":"2025-09-07T21:55:12+00:00","breadcrumb":{"@id":"https:\/\/cancercos-paintball.com\/galeria-fotos\/#breadcrumb"},"inLanguage":"ca","potentialAction":[{"@type":"ReadAction","target":["https:\/\/cancercos-paintball.com\/galeria-fotos\/"]}]},{"@type":"ImageObject","inLanguage":"ca","@id":"https:\/\/cancercos-paintball.com\/galeria-fotos\/#primaryimage","url":"https:\/\/cancercos-paintball.com\/wp-content\/uploads\/2024\/05\/logo_can_cercos.svg","contentUrl":"https:\/\/cancercos-paintball.com\/wp-content\/uploads\/2024\/05\/logo_can_cercos.svg","width":1080,"height":1080},{"@type":"BreadcrumbList","@id":"https:\/\/cancercos-paintball.com\/galeria-fotos\/#breadcrumb","itemListElement":[{"@type":"ListItem","position":1,"name":"Home","item":"https:\/\/cancercos-paintball.com\/"},{"@type":"ListItem","position":2,"name":"Galer\u00eda fotos"}]},{"@type":"WebSite","@id":"https:\/\/cancercos-paintball.com\/#website","url":"https:\/\/cancercos-paintball.com\/","name":"Can Cercos Paintball","description":"Centro de eventos, empresas, grupos de amigos, familias, peques y mucho m\u00e1s!","publisher":{"@id":"https:\/\/cancercos-paintball.com\/#organization"},"potentialAction":[{"@type":"SearchAction","target":{"@type":"EntryPoint","urlTemplate":"https:\/\/cancercos-paintball.com\/?s={search_term_string}"},"query-input":{"@type":"PropertyValueSpecification","valueRequired":true,"valueName":"search_term_string"}}],"inLanguage":"ca"},{"@type":"Organization","@id":"https:\/\/cancercos-paintball.com\/#organization","name":"Can Cercos Paintball","url":"https:\/\/cancercos-paintball.com\/","logo":{"@type":"ImageObject","inLanguage":"ca","@id":"https:\/\/cancercos-paintball.com\/#\/schema\/logo\/image\/","url":"https:\/\/cancercos-paintball.com\/wp-content\/uploads\/2024\/05\/logo_can_cercos.svg","contentUrl":"https:\/\/cancercos-paintball.com\/wp-content\/uploads\/2024\/05\/logo_can_cercos.svg","width":1080,"height":1080,"caption":"Can Cercos Paintball"},"image":{"@id":"https:\/\/cancercos-paintball.com\/#\/schema\/logo\/image\/"},"sameAs":["https:\/\/www.instagram.com\/paintball_cancercos\/"]}]}},"_links":{"self":[{"href":"https:\/\/cancercos-paintball.com\/ca\/wp-json\/wp\/v2\/pages\/3141","targetHints":{"allow":["GET"]}}],"collection":[{"href":"https:\/\/cancercos-paintball.com\/ca\/wp-json\/wp\/v2\/pages"}],"about":[{"href":"https:\/\/cancercos-paintball.com\/ca\/wp-json\/wp\/v2\/types\/page"}],"author":[{"embeddable":true,"href":"https:\/\/cancercos-paintball.com\/ca\/wp-json\/wp\/v2\/users\/1"}],"replies":[{"embeddable":true,"href":"https:\/\/cancercos-paintball.com\/ca\/wp-json\/wp\/v2\/comments?post=3141"}],"version-history":[{"count":1,"href":"https:\/\/cancercos-paintball.com\/ca\/wp-json\/wp\/v2\/pages\/3141\/revisions"}],"predecessor-version":[{"id":3409,"href":"https:\/\/cancercos-paintball.com\/ca\/wp-json\/wp\/v2\/pages\/3141\/revisions\/3409"}],"wp:featuredmedia":[{"embeddable":true,"href":"https:\/\/cancercos-paintball.com\/ca\/wp-json\/wp\/v2\/media\/3087"}],"wp:attachment":[{"href":"https:\/\/cancercos-paintball.com\/ca\/wp-json\/wp\/v2\/media?parent=3141"}],"curies":[{"name":"wp","href":"https:\/\/api.w.org\/{rel}","templated":true}]}}